{"id":12186,"date":"2024-07-16T12:40:44","date_gmt":"2024-07-16T12:40:44","guid":{"rendered":"https:\/\/www.classic-channel-regatta.eu\/?page_id=12186"},"modified":"2025-06-02T21:53:20","modified_gmt":"2025-06-02T21:53:20","slug":"2024-photos","status":"publish","type":"page","link":"https:\/\/dev.classic-channel-regatta.eu\/fr\/2024-photos\/","title":{"rendered":"2024 Photos"},"content":{"rendered":"<div class=\"display-card\">\n<h2>Photos de la 2024 Classic Channel Regatta<\/h2>\n<\/div>\n<div class=\"display-card\">\n<h3>Photos\u00a0<\/h3>\n<p>Nous avons \u00e9galement quelques photos fournies par des concurrents que vous pouvez consulter en cliquant sur le lien ci-dessous<\/p>\n<ul>\n<li><a href=\"https:\/\/flic.kr\/s\/aHBqjBDXas\" target=\"_blank\" rel=\"noopener\">Courses<\/a><\/li>\n<li><a href=\"https:\/\/flic.kr\/s\/aHBqjBEc7p\" target=\"_blank\" rel=\"noopener\">Au port et \u00e0 terre<\/a><\/li>\n<li><a href=\"https:\/\/flic.kr\/s\/aHBqjBE6RL\" target=\"_blank\" rel=\"noopener\">Danse des classiques<\/a><\/li>\n<li><a href=\"https:\/\/flic.kr\/s\/aHBqjBEahg\" target=\"_blank\" rel=\"noopener\">Remise des prix<\/a><\/li>\n<\/ul>\n<p>Les photos ont \u00e9t\u00e9 fournies par Lionel Villiers, Cathy Lacey, Ged Yardy, Howard Clark, Kate Ryder et Lucy Mann. Si vous aimez suffisamment une photo fournie pour la t\u00e9l\u00e9charger et en faire une impression, veuillez faire un don \u00e0 l&rsquo;association caritative de la r\u00e9gate, la <a href=\"https:\/\/cysf.org.uk\/welcome-to-http-cysf-org-uk-2\/donate\" target=\"_blank\" rel=\"noopener\">Classic Young Sailors Foundation<\/a>.<\/p>\n<\/div>\n<div class=\"display-card\">\n<h3>Photos officielles<\/h3>\n<p>Nous avons des photos fantastiques prises \u00e0 Dartmouth par notre photographe officielle Anne Cave-Penney. Ils sont organis\u00e9s en dossiers sur Flickr et vous pouvez les consulter en cliquant sur les liens ci-dessous. Il y a beaucoup de superbes photos et Anne a essay\u00e9 de prendre des photos de chaque bateau &#8211; donc le v\u00f4tre devrait \u00eatre l\u00e0 quelque part.<\/p>\n<ul>\n<li><a href=\"https:\/\/www.flickr.com\/photos\/196068731@N06\/albums\/72177720319032093\" target=\"_blank\" rel=\"noopener\">Classic Channel Regatta 2024 d\u00e9fil\u00e9 de voile<\/a><\/li>\n<li><a href=\"https:\/\/www.flickr.com\/photos\/196068731@N06\/albums\/72177720318590457\/\" target=\"_blank\" rel=\"noopener\">Classic Channel Regatta 2024 Course au large de Dartmouth<\/a><\/li>\n<\/ul>\n<p>Voir <a href=\"#purchase\">ci-dessous<\/a> pour plus de d\u00e9tails sur la fa\u00e7on d&rsquo;acheter des copies haute r\u00e9solution des photos ci-dessus.<\/p>\n<\/div>\n<div class=\"display-card\">\n<h3>Achat de photos officielles<\/h3>\n<p>Vous pouvez acheter des images haute r\u00e9solution des photographies d&rsquo;Anne pouvant \u00eatre agrandies et imprim\u00e9es &#8211; et elle a g\u00e9n\u00e9reusement accept\u00e9 de faire don de l&rsquo;argent \u00e0 notre association caritative Classic Young Sailors Foundation. L&rsquo;association a pour but d&rsquo;offrir des opportunit\u00e9s de navigation \u00e0 des jeunes qui n&rsquo;auraient pas autrement la possibilit\u00e9 ou les fonds n\u00e9cessaires pour partir en mer sur des bateaux classiques, en particulier ceux issus de milieux d\u00e9favoris\u00e9s. (En savoir plus sur la CYSF)<\/p>\n<p>Ces images de qualit\u00e9 professionnelle sont au prix de 12 \u20ac chacune &#8211; qui iront toutes \u00e0 l&rsquo;association caritative. Une fois que vous avez achet\u00e9 le fichier num\u00e9rique, vous pouvez en faire autant d&rsquo;impressions que vous le souhaitez. Ainsi, non seulement vous aurez un beau photo \u00e0 encadrer et \u00e0 accrocher au mur et\/ou \u00e0 offrir, mais vous permettrez \u00e9galement \u00e0 des jeunes m\u00e9ritants de partir en mer dans un bateau classique.<\/p>\n<p>Comment acheter une image :<\/p>\n<ul>\n<li>Une fois que vous avez trouv\u00e9 la ou les photographies que vous souhaitez, notez la ou les r\u00e9f\u00e9rences &#8211; survolez une image et le num\u00e9ro de r\u00e9f\u00e9rence appara\u00eetra dans le coin inf\u00e9rieur &#8211; il sera sous la forme DSC_####<\/li>\n<li>Utilisez le formulaire ci-dessous pour nous envoyer la liste des photos dont vous avez besoin<\/li>\n<li>Une fois que vous avez soumis votre liste, vous serez redirig\u00e9 vers une page de confirmation o\u00f9 vous verrez un lien vers une page o\u00f9 vous pourrez effectuer votre paiement (12 \u20ac pour chaque image)<\/li>\n<li>Une fois que nous aurons re\u00e7u votre paiement, nous vous enverrons le fichier haute r\u00e9solution directement du photographe (cela peut prendre un jour ou deux car il s&rsquo;agit d&rsquo;une op\u00e9ration manuelle)<\/li>\n<\/ul>\n<\/div>\n<div class=\"display-card\">\n<h3>Photo Request Form<\/h3>\n<div style=\"margin: 1em\">\n<div class=\"wpforms-container wpforms-container-full\" id=\"wpforms-10842\"><form id=\"wpforms-form-10842\" class=\"wpforms-validate wpforms-form wpforms-ajax-form\" data-formid=\"10842\" method=\"post\" enctype=\"multipart\/form-data\" action=\"\/fr\/wp-json\/wp\/v2\/pages\/12186\" data-token=\"068fe1936a742d9bfc2c3599f015e83d\" data-token-time=\"1776407213\"><noscript class=\"wpforms-error-noscript\">Veuillez activer JavaScript dans votre navigateur pour remplir ce formulaire.<\/noscript><div class=\"wpforms-field-container\"><div id=\"wpforms-10842-field_0-container\" class=\"wpforms-field wpforms-field-name\" data-field-id=\"0\"><label class=\"wpforms-field-label\">Name <span class=\"wpforms-required-label\">*<\/span><\/label><div class=\"wpforms-field-row wpforms-field-medium\"><div class=\"wpforms-field-row-block wpforms-first wpforms-one-half\"><input type=\"text\" id=\"wpforms-10842-field_0\" class=\"wpforms-field-name-first wpforms-field-required\" name=\"wpforms[fields][0][first]\" required><label for=\"wpforms-10842-field_0\" class=\"wpforms-field-sublabel after\">Pr\u00e9nom<\/label><\/div><div class=\"wpforms-field-row-block wpforms-one-half\"><input type=\"text\" id=\"wpforms-10842-field_0-last\" class=\"wpforms-field-name-last wpforms-field-required\" name=\"wpforms[fields][0][last]\" required><label for=\"wpforms-10842-field_0-last\" class=\"wpforms-field-sublabel after\">Nom<\/label><\/div><\/div><\/div>\t\t<div id=\"wpforms-10842-field_3-container\"\n\t\t\tclass=\"wpforms-field wpforms-field-text\"\n\t\t\tdata-field-type=\"text\"\n\t\t\tdata-field-id=\"3\"\n\t\t\t>\n\t\t\t<label class=\"wpforms-field-label\" for=\"wpforms-10842-field_3\" >Name Photos List<\/label>\n\t\t\t<input type=\"text\" id=\"wpforms-10842-field_3\" class=\"wpforms-field-medium\" name=\"wpforms[fields][3]\" >\n\t\t<\/div>\n\t\t<div id=\"wpforms-10842-field_1-container\" class=\"wpforms-field wpforms-field-email\" data-field-id=\"1\"><label class=\"wpforms-field-label\" for=\"wpforms-10842-field_1\">Email <span class=\"wpforms-required-label\">*<\/span><\/label><input type=\"email\" id=\"wpforms-10842-field_1\" class=\"wpforms-field-medium wpforms-field-required\" name=\"wpforms[fields][1]\" spellcheck=\"false\" required><\/div><div id=\"wpforms-10842-field_2-container\" class=\"wpforms-field wpforms-field-textarea\" data-field-id=\"2\"><label class=\"wpforms-field-label\" for=\"wpforms-10842-field_2\">List of Photos required <span class=\"wpforms-required-label\">*<\/span><\/label><textarea id=\"wpforms-10842-field_2\" class=\"wpforms-field-medium wpforms-field-required\" name=\"wpforms[fields][2]\" required><\/textarea><div class=\"wpforms-field-description\">Please list the reference numbers of the photos required. It can be found in the bottom corner when you hover over a photo. It will be in the form DSC_####.<\/div><\/div><script>\n\t\t\t\t( function() {\n\t\t\t\t\tconst style = document.createElement( 'style' );\n\t\t\t\t\tstyle.appendChild( document.createTextNode( '#wpforms-10842-field_3-container { position: absolute !important; overflow: hidden !important; display: inline !important; height: 1px !important; width: 1px !important; z-index: -1000 !important; padding: 0 !important; } #wpforms-10842-field_3-container input { visibility: hidden; } #wpforms-conversational-form-page #wpforms-10842-field_3-container label { counter-increment: none; }' ) );\n\t\t\t\t\tdocument.head.appendChild( style );\n\t\t\t\t\tdocument.currentScript?.remove();\n\t\t\t\t} )();\n\t\t\t<\/script><\/div><!-- .wpforms-field-container --><div class=\"wpforms-recaptcha-container wpforms-is-recaptcha wpforms-is-recaptcha-type-invisible\" ><div class=\"g-recaptcha\" data-sitekey=\"6Lf59uodAAAAADHCC7E9il3NWUqkA0QB3CtR2CC0\" data-size=\"invisible\"><\/div><\/div><div class=\"wpforms-submit-container\" ><input type=\"hidden\" name=\"wpforms[id]\" value=\"10842\"><input type=\"hidden\" name=\"page_title\" value=\"\"><input type=\"hidden\" name=\"page_url\" value=\"https:\/\/dev.classic-channel-regatta.eu\/fr\/wp-json\/wp\/v2\/pages\/12186\"><input type=\"hidden\" name=\"url_referer\" value=\"\"><button type=\"submit\" name=\"wpforms[submit]\" id=\"wpforms-submit-10842\" class=\"wpforms-submit\" data-alt-text=\"Sending...\" data-submit-text=\"Submit\" aria-live=\"assertive\" value=\"wpforms-submit\">Submit<\/button><img loading=\"lazy\" decoding=\"async\" src=\"https:\/\/dev.classic-channel-regatta.eu\/wp-content\/plugins\/wpforms-lite\/assets\/images\/submit-spin.svg\" class=\"wpforms-submit-spinner\" style=\"display: none;\" width=\"26\" height=\"26\" alt=\"Chargement en cours\"><\/div><\/form><\/div>  <!-- .wpforms-container -->\n<\/p><\/div>\n<\/div>\n","protected":false},"excerpt":{"rendered":"<p>Photos de la 2024 Classic Channel Regatta Photos\u00a0 Nous avons \u00e9galement quelques photos fournies par des concurrents que vous pouvez consulter en cliquant sur le lien ci-dessous Courses Au port et \u00e0 terre Danse des classiques Remise des prix Les photos ont \u00e9t\u00e9 fournies par Lionel Villiers, Cathy Lacey, Ged Yardy, Howard Clark, Kate Ryder [&hellip;]<\/p>\n","protected":false},"author":7,"featured_media":0,"parent":0,"menu_order":0,"comment_status":"closed","ping_status":"closed","template":"","meta":{"_acf_changed":false,"footnotes":""},"class_list":["post-12186","page","type-page","status-publish","hentry"],"acf":[],"_links":{"self":[{"href":"https:\/\/dev.classic-channel-regatta.eu\/fr\/wp-json\/wp\/v2\/pages\/12186","targetHints":{"allow":["GET"]}}],"collection":[{"href":"https:\/\/dev.classic-channel-regatta.eu\/fr\/wp-json\/wp\/v2\/pages"}],"about":[{"href":"https:\/\/dev.classic-channel-regatta.eu\/fr\/wp-json\/wp\/v2\/types\/page"}],"author":[{"embeddable":true,"href":"https:\/\/dev.classic-channel-regatta.eu\/fr\/wp-json\/wp\/v2\/users\/7"}],"replies":[{"embeddable":true,"href":"https:\/\/dev.classic-channel-regatta.eu\/fr\/wp-json\/wp\/v2\/comments?post=12186"}],"version-history":[{"count":0,"href":"https:\/\/dev.classic-channel-regatta.eu\/fr\/wp-json\/wp\/v2\/pages\/12186\/revisions"}],"wp:attachment":[{"href":"https:\/\/dev.classic-channel-regatta.eu\/fr\/wp-json\/wp\/v2\/media?parent=12186"}],"curies":[{"name":"wp","href":"https:\/\/api.w.org\/{rel}","templated":true}]}}