{"id":4315,"date":"2014-01-19T17:12:59","date_gmt":"2014-01-19T17:12:59","guid":{"rendered":"http:\/\/classicregatta.staging.wpengine.com\/contact\/"},"modified":"2025-06-03T19:39:03","modified_gmt":"2025-06-03T19:39:03","slug":"contact","status":"publish","type":"page","link":"https:\/\/dev.classic-channel-regatta.eu\/fr\/contact\/","title":{"rendered":"Contact"},"content":{"rendered":"<div class=\"display-card\">\r\n\r\n<h2 class=\"wp-block-heading\"><strong>Contactez l\u2019\u00e9quipe de la R\u00e9gate<\/strong><\/h2>\r\n\r\n\r\n<p><strong>Demandes g\u00e9n\u00e9rales<\/strong><\/p>\r\n\r\n\r\n<p><strong>UK<\/strong>: <a href=\"https:\/\/dev.classic-channel-regatta.eu\/fr\/contact-infouk\/\">Cliquez ici<\/a><a href=\"mailto:infouk@classic-channel-regatta.eu\"><br \/>\r\n<\/a><strong>France et Europe continentale :<\/strong>\u00a0<a href=\"https:\/\/dev.classic-channel-regatta.eu\/fr\/contact-infofrance\/\">Cliquez ici<\/a><\/p>\r\n\r\n\r\n<figure class=\"wp-block-table is-style-regular\">\r\n<table>\r\n<tbody>\r\n<tr>\r\n<td>\u00a0<img loading=\"lazy\" decoding=\"async\" class=\"alignnone size-full wp-image-11670\" src=\"https:\/\/dev.classic-channel-regatta.eu\/wp-content\/uploads\/2023\/12\/bruno-200.jpg\" alt=\"\" width=\"221\" height=\"200\" \/><\/td>\r\n<td>Secr\u00e9taire en France: Bruno Tardy<br \/>\r\n<a href=\"https:\/\/dev.classic-channel-regatta.eu\/fr\/contact-bruno\/\">Cliquez ici pour contacter Bruno<\/a><br \/>\r\nTel: +33 6 73 92 00 13<\/td>\r\n<\/tr>\r\n<tr>\r\n<td>&nbsp;<\/td>\r\n<td>&nbsp;<\/td>\r\n<\/tr>\r\n<tr>\r\n<td>&nbsp;<\/td>\r\n<td>&nbsp;<\/td>\r\n<\/tr>\r\n<tr>\r\n<td><img loading=\"lazy\" decoding=\"async\" class=\"alignnone size-full wp-image-11668\" src=\"https:\/\/dev.classic-channel-regatta.eu\/wp-content\/uploads\/2023\/12\/yves-200.jpg\" alt=\"\" width=\"200\" height=\"200\" \/><\/td>\r\n<td><strong>Soutien aux bateaux Fran\u00e7ais<\/strong>: Yves Denizeau<br \/>\r\n<a href=\"https:\/\/dev.classic-channel-regatta.eu\/fr\/contact-yves\/\">Cliquez ici pour contacter Yves<\/a><br \/>\r\nTel: +33 7 86 17 17 45<\/td>\r\n<\/tr>\r\n<tr>\r\n<td>&nbsp;<\/td>\r\n<td>&nbsp;<\/td>\r\n<\/tr>\r\n<tr>\r\n<td><img loading=\"lazy\" decoding=\"async\" class=\"alignnone size-full wp-image-11602\" src=\"https:\/\/dev.classic-channel-regatta.eu\/wp-content\/uploads\/2023\/12\/alison-timms.jpg\" alt=\"\" width=\"200\" height=\"200\" \/><\/td>\r\n<td><strong>Administration et R\u00e9seaux sociaux:<\/strong> Alison Timms<br \/>\r\n<a href=\"https:\/\/dev.classic-channel-regatta.eu\/fr\/contact-alison\/\">Cliquez ici pour contacter Alison<\/a><\/td>\r\n<\/tr>\r\n<tr>\r\n<td>&nbsp;<\/td>\r\n<td>&nbsp;<\/td>\r\n<\/tr>\r\n<tr>\r\n<td><img decoding=\"async\" src=\"https:\/\/dev.classic-channel-regatta.eu\/wp-content\/uploads\/2018\/06\/Peter-square-200x200.png\" alt=\"This image has an empty alt attribute; its file name is Peter-square-200x200.png\" \/><\/td>\r\n<td><strong>Directeur de Course &amp; Rating:<\/strong> Peter Costalas<br \/>\r\n<a href=\"https:\/\/dev.classic-channel-regatta.eu\/fr\/contact-peter\/\">Cliquez ici pour contacter Peter<\/a><br \/>\r\nTel: +44-(0)7841-565-326<\/td>\r\n<\/tr>\r\n<tr>\r\n<td>&nbsp;<\/td>\r\n<td>&nbsp;<\/td>\r\n<\/tr>\r\n<tr>\r\n<td><img decoding=\"async\" src=\"https:\/\/dev.classic-channel-regatta.eu\/wp-content\/uploads\/2018\/06\/Bruce-square-200x200.png\" alt=\"This image has an empty alt attribute; its file name is Bruce-square-200x200.png\" \/><\/td>\r\n<td><strong>Pr\u00e9sident de R\u00e9gate<\/strong>:Bruce Thorogood<br \/>\r\n<a href=\"https:\/\/dev.classic-channel-regatta.eu\/fr\/contact-bruce\/\">Cliquez ici pour contacter Bruce<\/a><br \/>\r\nTel: +44-(0)7974-678-270<\/td>\r\n<\/tr>\r\n<\/tbody>\r\n<\/table>\r\n<\/figure>\r\n\r\n<\/div>","protected":false},"excerpt":{"rendered":"<p>Contactez l\u2019\u00e9quipe de la R\u00e9gate Demandes g\u00e9n\u00e9rales UK: Cliquez ici France et Europe continentale :\u00a0Cliquez ici \u00a0 Secr\u00e9taire en France: Bruno Tardy Cliquez ici pour contacter Bruno Tel: +33 6 73 92 00 13 &nbsp; &nbsp; &nbsp; &nbsp; Soutien aux bateaux Fran\u00e7ais: Yves Denizeau Cliquez ici pour contacter Yves Tel: +33 7 86 17 17 [&hellip;]<\/p>\n","protected":false},"author":1,"featured_media":0,"parent":0,"menu_order":0,"comment_status":"open","ping_status":"open","template":"","meta":{"_acf_changed":false,"footnotes":""},"class_list":["post-4315","page","type-page","status-publish","hentry"],"acf":[],"_links":{"self":[{"href":"https:\/\/dev.classic-channel-regatta.eu\/fr\/wp-json\/wp\/v2\/pages\/4315","targetHints":{"allow":["GET"]}}],"collection":[{"href":"https:\/\/dev.classic-channel-regatta.eu\/fr\/wp-json\/wp\/v2\/pages"}],"about":[{"href":"https:\/\/dev.classic-channel-regatta.eu\/fr\/wp-json\/wp\/v2\/types\/page"}],"author":[{"embeddable":true,"href":"https:\/\/dev.classic-channel-regatta.eu\/fr\/wp-json\/wp\/v2\/users\/1"}],"replies":[{"embeddable":true,"href":"https:\/\/dev.classic-channel-regatta.eu\/fr\/wp-json\/wp\/v2\/comments?post=4315"}],"version-history":[{"count":0,"href":"https:\/\/dev.classic-channel-regatta.eu\/fr\/wp-json\/wp\/v2\/pages\/4315\/revisions"}],"wp:attachment":[{"href":"https:\/\/dev.classic-channel-regatta.eu\/fr\/wp-json\/wp\/v2\/media?parent=4315"}],"curies":[{"name":"wp","href":"https:\/\/api.w.org\/{rel}","templated":true}]}}