{"id":4326,"date":"2018-05-24T11:52:59","date_gmt":"2018-05-24T11:52:59","guid":{"rendered":"http:\/\/classicregatta.staging.wpengine.com\/information-for-entrants\/how-to-enter\/"},"modified":"2025-06-30T07:12:02","modified_gmt":"2025-06-30T07:12:02","slug":"how-to-enter","status":"publish","type":"page","link":"https:\/\/dev.classic-channel-regatta.eu\/fr\/entry\/how-to-enter\/","title":{"rendered":"How to Enter"},"content":{"rendered":"<div class=\"display-card\">\r\n<h2>Comment S&rsquo;inscrire<\/h2>\r\n<!-- \/wp:post-content -->\r\n<!-- wp:paragraph -->\r\n<p>La prochaine Classic Channel Regatta aura lieu du 7 au 16 juillet 2026<\/p>\r\n<!-- \/wp:paragraph -->\r\n<!-- wp:paragraph -->\r\n<p>La proc\u00e9dure est la suivante:<\/p>\r\n<!-- \/wp:paragraph -->\r\n<!-- wp:paragraph -->\r\n<p><strong>1) <a href=\"https:\/\/dev.classic-channel-regatta.eu\/fr\/information-for-entrants\/pre-registration\/\">Pr\u00e9-inscrivez vou<\/a>s<\/strong> pour participer &#8211; c\u2019est l\u2019\u00e9l\u00e9ment fondamental de la proc\u00e9dure &#8211; un bateau ne peut pas participer sans s\u2019\u00eatre au pr\u00e9alable pr\u00e9-inscrit.<\/p>\r\n<!-- \/wp:paragraph -->\r\n<!-- wp:paragraph -->\r\n<p>Cela peut \u00eatre fait \u00e0 n\u2019importe quel moment en cliquant sur le bouton de pr\u00e9-inscription sur cette page ou ailleurs sur le site, et qui vous am\u00e8nera au formulaire de pr\u00e9-inscription.<\/p>\r\n<!-- \/wp:paragraph -->\r\n<!-- wp:paragraph -->\r\n<p>A cette \u00e9tape, nous recueillons les informations de contact du propri\u00e9taire ou du skipper et les informations sur le bateau en cours d\u2019inscription. Si vous vous \u00eates d\u00e9j\u00e0 inscrit \u00e0 une r\u00e9gate pr\u00e9c\u00e9dente avec le m\u00eame bateau, il y a une proc\u00e9dure abr\u00e9g\u00e9e puisque nous poss\u00e9dons d\u00e9j\u00e0 les informations (\u00e0 condition que vous nous ayez donn\u00e9 le droit de les garder).<\/p>\r\n<!-- \/wp:paragraph -->\r\n<!-- wp:paragraph -->\r\n<p>Nous demandons \u00e9galement une photo de votre bateau pour l\u2019inclure dans la galerie des yachts inscrits, et un historique du bateau \u00e0 inclure dans le programme.<\/p>\r\n<!-- \/wp:paragraph -->\r\n<!-- wp:paragraph -->\r\n<p>Il n\u2019y a aucun frais de pr\u00e9-inscription et cela ne vous engage pas \u00e0 confirmer votre participation \u00e0 la r\u00e9gate en temps voulu.<\/p>\r\n<!-- \/wp:paragraph -->\r\n<!-- wp:paragraph -->\r\n<p>Si il y a trop de pr\u00e9-inscriptions pour la r\u00e9gate, nous placerons ceux inscrits au-del\u00e0 de la limite sur une liste d\u2019attente et nous les informerons.<\/p>\r\n<!-- \/wp:paragraph -->\r\n<!-- wp:paragraph -->\r\n<p><strong>2) Vous aurez besoin d\u2019un certificat de jauge JCH (Jauge Classique Habitable)<\/strong> si votre bateau n\u2019en a pas d\u00e9j\u00e0 un. C\u2019est gratuit et peut \u00eatre fait assez simplement en ligne sur <a href=\"http:\/\/www.jch-online.org\/\">www.jch-online.org<\/a> . Vous aurez besoin des mesures de la coque et des voiles de votre bateau quand vous compl\u00e9terez le formulaire en ligne.<\/p>\r\n\r\n<!-- \/wp:paragraph -->\r\n<!-- wp:paragraph -->\r\n<p>Vous pouvez le faire \u00e0 n\u2019importe quel moment avant de confirmer votre participation.<\/p>\r\n<!-- \/wp:paragraph -->\r\n<!-- wp:paragraph -->\r\n<p><strong>3) Nous enverrons par mail les formulaires d\u2019inscription<\/strong> pr\u00e9-remplis avec les informations fournies \u00e0 la pr\u00e9-inscription \u00e0 tous les yachts pr\u00e9-inscrits en Avril 2026, en vous demandant de les renvoyer avec le paiement le plus t\u00f4t possible. Une date butoire sera donn\u00e9e pour terminer la priorit\u00e9 donn\u00e9e aux bateaux pr\u00e9-inscrits pour se s\u00e9curiser une place, et apr\u00e8s laquelle les bateaux en liste d\u2019attente seront admis.<\/p>\r\n<!-- \/wp:paragraph -->\r\n<\/div>","protected":false},"excerpt":{"rendered":"<p>Comment S&rsquo;inscrire La prochaine Classic Channel Regatta aura lieu du 7 au 16 juillet 2026 La proc\u00e9dure est la suivante: 1) Pr\u00e9-inscrivez vous pour participer &#8211; c\u2019est l\u2019\u00e9l\u00e9ment fondamental de la proc\u00e9dure &#8211; un bateau ne peut pas participer sans s\u2019\u00eatre au pr\u00e9alable pr\u00e9-inscrit. Cela peut \u00eatre fait \u00e0 n\u2019importe quel moment en cliquant sur [&hellip;]<\/p>\n","protected":false},"author":6,"featured_media":0,"parent":12913,"menu_order":0,"comment_status":"open","ping_status":"open","template":"","meta":{"_acf_changed":false,"footnotes":""},"class_list":["post-4326","page","type-page","status-publish","hentry"],"acf":[],"_links":{"self":[{"href":"https:\/\/dev.classic-channel-regatta.eu\/fr\/wp-json\/wp\/v2\/pages\/4326","targetHints":{"allow":["GET"]}}],"collection":[{"href":"https:\/\/dev.classic-channel-regatta.eu\/fr\/wp-json\/wp\/v2\/pages"}],"about":[{"href":"https:\/\/dev.classic-channel-regatta.eu\/fr\/wp-json\/wp\/v2\/types\/page"}],"author":[{"embeddable":true,"href":"https:\/\/dev.classic-channel-regatta.eu\/fr\/wp-json\/wp\/v2\/users\/6"}],"replies":[{"embeddable":true,"href":"https:\/\/dev.classic-channel-regatta.eu\/fr\/wp-json\/wp\/v2\/comments?post=4326"}],"version-history":[{"count":0,"href":"https:\/\/dev.classic-channel-regatta.eu\/fr\/wp-json\/wp\/v2\/pages\/4326\/revisions"}],"up":[{"embeddable":true,"href":"https:\/\/dev.classic-channel-regatta.eu\/fr\/wp-json\/wp\/v2\/pages\/12913"}],"wp:attachment":[{"href":"https:\/\/dev.classic-channel-regatta.eu\/fr\/wp-json\/wp\/v2\/media?parent=4326"}],"curies":[{"name":"wp","href":"https:\/\/api.w.org\/{rel}","templated":true}]}}