{"id":4328,"date":"2014-01-20T22:45:17","date_gmt":"2014-01-20T22:45:17","guid":{"rendered":"http:\/\/classicregatta.staging.wpengine.com\/information-for-entrants\/pre-registration\/"},"modified":"2025-09-12T18:34:49","modified_gmt":"2025-09-12T18:34:49","slug":"pre-registration","status":"publish","type":"page","link":"https:\/\/dev.classic-channel-regatta.eu\/fr\/entry\/pre-registration\/","title":{"rendered":"Pre-Registration"},"content":{"rendered":"<h1>2026 Pr\u00e9-inscription<\/h1>\n<p>Nous accueillons les pr\u00e9-inscriptions des propri\u00e9taires de tous les bateaux \u00e9ligibles. Nous avons une limite maximum de 100 bateaux en raison des contraintes d&rsquo;espace dans les ports et pour maintenir l&rsquo;ambiance conviviale de la r\u00e9gate.<\/p>\n<ul>\n<li>Les pr\u00e9-inscriptions seront trait\u00e9es sur la base du premier arriv\u00e9, premier servi, mais tous les participants pr\u00e9c\u00e9dents seront avertis lorsque les num\u00e9ros de leur classe approcheront de la limite pour leur donner une derni\u00e8re chance de participer.<\/li>\n<li>Une fois la limite pour chaque classe atteinte, d&rsquo;autres pr\u00e9-inscriptions seront mises sur une liste d&rsquo;9;attente pour que les places deviennent disponibles lorsque la confirmation d&rsquo;inscription et le paiement sont dus en mai.<\/li>\n<li>Vous pouvez vous pr\u00e9-inscrire \u00e0 tout moment sans engagement, alors faites-le vite pour vous assurer une place dans la r\u00e9gate.<\/li>\n<li>Les bateaux sont encourag\u00e9s \u00e0 participer \u00e0 l&rsquo;ensemble de la r\u00e9gate, mais il y aura des installations d&rsquo;enregistrement \u00e0 Saint-H\u00e9lier et Paimpol pour tous les bateaux souhaitant y participer.<\/li>\n<\/ul>\n<p style=\"text-align: center;\">\u00a0<\/p>\n<p style=\"text-align: center;\"><a class=\"btn\" title=\"Pr\u00e9enregistr\u00e9es ici\" href=\" https:\/\/ask2gocloud.fillout.com\/t\/a8GzJicNHYus\">Pr\u00e9enregistr\u00e9es Ici<\/a><\/p>\n<p style=\"text-align: center;\">\u00a0<\/p>\n<p>&nbsp;<\/p>\n<p style=\"text-align: left;\">Si vous avez des questions concernant le processus d&rsquo;inscription, l&rsquo;\u00e9ligibilit\u00e9 ou le handicap, veuillez <a href=\"https:\/\/dev.classic-channel-regatta.eu\/fr\/contact\/\">contacter l&rsquo;\u00e9quipe<\/a>.<\/p>\n","protected":false},"excerpt":{"rendered":"<p>2026 Pr\u00e9-inscription Nous accueillons les pr\u00e9-inscriptions des propri\u00e9taires de tous les bateaux \u00e9ligibles. Nous avons une limite maximum de 100 bateaux en raison des contraintes d&rsquo;espace dans les ports et pour maintenir l&rsquo;ambiance conviviale de la r\u00e9gate. Les pr\u00e9-inscriptions seront trait\u00e9es sur la base du premier arriv\u00e9, premier servi, mais tous les participants pr\u00e9c\u00e9dents seront [&hellip;]<\/p>\n","protected":false},"author":1,"featured_media":0,"parent":12913,"menu_order":0,"comment_status":"open","ping_status":"closed","template":"","meta":{"_acf_changed":false,"footnotes":""},"class_list":["post-4328","page","type-page","status-publish","hentry"],"acf":[],"_links":{"self":[{"href":"https:\/\/dev.classic-channel-regatta.eu\/fr\/wp-json\/wp\/v2\/pages\/4328","targetHints":{"allow":["GET"]}}],"collection":[{"href":"https:\/\/dev.classic-channel-regatta.eu\/fr\/wp-json\/wp\/v2\/pages"}],"about":[{"href":"https:\/\/dev.classic-channel-regatta.eu\/fr\/wp-json\/wp\/v2\/types\/page"}],"author":[{"embeddable":true,"href":"https:\/\/dev.classic-channel-regatta.eu\/fr\/wp-json\/wp\/v2\/users\/1"}],"replies":[{"embeddable":true,"href":"https:\/\/dev.classic-channel-regatta.eu\/fr\/wp-json\/wp\/v2\/comments?post=4328"}],"version-history":[{"count":2,"href":"https:\/\/dev.classic-channel-regatta.eu\/fr\/wp-json\/wp\/v2\/pages\/4328\/revisions"}],"predecessor-version":[{"id":12973,"href":"https:\/\/dev.classic-channel-regatta.eu\/fr\/wp-json\/wp\/v2\/pages\/4328\/revisions\/12973"}],"up":[{"embeddable":true,"href":"https:\/\/dev.classic-channel-regatta.eu\/fr\/wp-json\/wp\/v2\/pages\/12913"}],"wp:attachment":[{"href":"https:\/\/dev.classic-channel-regatta.eu\/fr\/wp-json\/wp\/v2\/media?parent=4328"}],"curies":[{"name":"wp","href":"https:\/\/api.w.org\/{rel}","templated":true}]}}