{"id":4349,"date":"2014-01-20T21:19:30","date_gmt":"2014-01-20T21:19:30","guid":{"rendered":"http:\/\/classicregatta.staging.wpengine.com\/privacy-policy\/"},"modified":"2018-11-19T14:53:18","modified_gmt":"2018-11-19T14:53:18","slug":"privacy-policy","status":"publish","type":"page","link":"https:\/\/dev.classic-channel-regatta.eu\/fr\/privacy-policy\/","title":{"rendered":"Privacy Policy"},"content":{"rendered":"<h1><strong>Politique de confidentialit\u00e9<\/strong><\/h1>\n<p>Toutes les informations personnelles et bancaires r\u00e9colt\u00e9es par la CRAB Association et\/ou par la Classic Channel Regatta LTD seront uniquement utilis\u00e9es dans le but de faciliter l\u2019organisation d\u2019\u00e9v\u00e9nements g\u00e9r\u00e9s par la CRAB Association. Ces informations seront stock\u00e9es sur des serveurs s\u00e9curis\u00e9s au Royaume-Uni et aux Etats-Unis.<\/p>\n<p>Nous nous engageons \u00e0 ne pas divulguer ces informations \u00e0 d\u2019autres entreprises, organisations ou tierces parties. Nous partageons votre courriel seulement avec le Royal Dart Yacht Club afin de vous contacter dans le cadre du Dartmouth Classic Weekend. Nous sommes \u00e0 votre disposition si vous souhaitez supprimer vos donn\u00e9es de notre registre.<\/p>\n<p>Nous publions habituellement les photos des yachts participants accompagn\u00e9es d\u2019informations sur la date, design et construction du bateau, tout en omettant les d\u00e9tails sur le propri\u00e9taire.<\/p>\n<p>Apr\u00e8s la r\u00e9gate, il se peut que nous souhaitions publier des photos des \u00e9v\u00e8nements nautiques et sociaux sur Internet ou d\u2019autres m\u00e9dias. Si vous ne souhaitez pas qu\u2019une photo en particulier soit publi\u00e9e, merci de nous en informer, afin que nous puissions la supprimer.<\/p>\n<p>Si vous avez des questions \u00e0 propos de la Protection G\u00e9n\u00e9rale des Donn\u00e9es, de la conformit\u00e9 avec la l\u00e9gislation GDPR 2018 ou de l\u2019utilisation et conservation de vos donn\u00e9es, veuillez contacter notre responsable de la protection des donn\u00e9es, Guy Metcalfe<\/p>\n<p>Courriel:\u00a0<a href=\"mailto:guy@classic-channel-regatta.eu\">guy@classic-channel-regatta.eu<\/a><\/p>\n<p>&nbsp;<\/p>\n","protected":false},"excerpt":{"rendered":"<p>Politique de confidentialit\u00e9 Toutes les informations personnelles et bancaires r\u00e9colt\u00e9es par la CRAB Association et\/ou par la Classic Channel Regatta LTD seront uniquement utilis\u00e9es dans le but de faciliter l\u2019organisation d\u2019\u00e9v\u00e9nements g\u00e9r\u00e9s par la CRAB Association. Ces informations seront stock\u00e9es sur des serveurs s\u00e9curis\u00e9s au Royaume-Uni et aux Etats-Unis. Nous nous engageons \u00e0 ne pas [&hellip;]<\/p>\n","protected":false},"author":1,"featured_media":0,"parent":0,"menu_order":0,"comment_status":"open","ping_status":"open","template":"","meta":{"_acf_changed":false,"footnotes":""},"class_list":["post-4349","page","type-page","status-publish","hentry"],"acf":[],"_links":{"self":[{"href":"https:\/\/dev.classic-channel-regatta.eu\/fr\/wp-json\/wp\/v2\/pages\/4349","targetHints":{"allow":["GET"]}}],"collection":[{"href":"https:\/\/dev.classic-channel-regatta.eu\/fr\/wp-json\/wp\/v2\/pages"}],"about":[{"href":"https:\/\/dev.classic-channel-regatta.eu\/fr\/wp-json\/wp\/v2\/types\/page"}],"author":[{"embeddable":true,"href":"https:\/\/dev.classic-channel-regatta.eu\/fr\/wp-json\/wp\/v2\/users\/1"}],"replies":[{"embeddable":true,"href":"https:\/\/dev.classic-channel-regatta.eu\/fr\/wp-json\/wp\/v2\/comments?post=4349"}],"version-history":[{"count":0,"href":"https:\/\/dev.classic-channel-regatta.eu\/fr\/wp-json\/wp\/v2\/pages\/4349\/revisions"}],"wp:attachment":[{"href":"https:\/\/dev.classic-channel-regatta.eu\/fr\/wp-json\/wp\/v2\/media?parent=4349"}],"curies":[{"name":"wp","href":"https:\/\/api.w.org\/{rel}","templated":true}]}}